{"id":779,"date":"2024-11-14T21:16:16","date_gmt":"2024-11-14T20:16:16","guid":{"rendered":"https:\/\/modulartsystem.hu\/?post_type=product&#038;p=779"},"modified":"2026-03-15T20:21:20","modified_gmt":"2026-03-15T19:21:20","slug":"kerti-fotel-parnaval","status":"publish","type":"product","link":"https:\/\/modulartsystem.hu\/en\/product\/kerti-fotel-parnaval\/","title":{"rendered":"Kerti fotel p\u00e1rn\u00e1val"},"content":{"rendered":"<h3>Er\u0151s \u00e9s tart\u00f3s ac\u00e9l kerti fotel p\u00e1rn\u00e1val, pr\u00e9mium szinterez\u00e9ssel.<\/h3>\n<div class=\"csomag-grid\">\n<div class=\"csomag-left\">\n<p>90&#215;90 mm-es gerend\u00e1kkal kompatibilis.<\/p>\n<p><\/p>\n<p><strong>JELLEMZ\u0150K<\/strong><\/p>\n<ul>\n<li>Sz\u00e9nac\u00e9l<\/li>\n<li>Magyar gy\u00e1rtm\u00e1ny\u00fa term\u00e9k<\/li>\n<li>Id\u0151j\u00e1r\u00e1s\u00e1ll\u00f3 anyagokkal bevonva<\/li>\n<li>L\u00e9zerrel v\u00e1gott, hajl\u00edtott \u00e9s hegesztett a pr\u00e9mium min\u0151s\u00e9g\u0171 kivitel\u00e9rt<\/li>\n<li>2 \u00e9v korl\u00e1tozott garancia<\/li>\n<\/ul>\n<p><\/p>\n<p><strong>TARTALMAZ<\/strong><\/p>\n<ul>\n<li>2db modulART kerti fotel konzolt (1 szett)<\/li>\n<li>1db pr\u00e9mium b\u00fatorsz\u00f6vettel ell\u00e1tott p\u00e1rna szett (\u00fcl\u0151 r\u00e9sz \u00e9s h\u00e1tt\u00e1mla, 1-1 db)<\/li>\n<li>16db 6&#215;50-es fekete faszerkezet \u00e9p\u00edt\u0151 csavar.<\/li>\n<li>1db tx30 bitfej<\/li>\n<\/ul>\n<p><\/p>\n<p><strong>NEM TARTALMAZZA<\/strong><\/p>\n<ul>\n<li>a f\u0171r\u00e9sz\u00e1rut, gerend\u00e1t.<\/li>\n<\/ul><\/div>\n<div class=\"csomag-right-hatterNelkul\">\n<p><strong>F\u0151bb jellemz\u0151k<\/strong><br \/>\n      <em>Prec\u00edzi\u00f3, Sokoldal\u00fas\u00e1g,<\/em> <em>Egyszer\u0171 \u00f6sszeszerelhet\u0151s\u00e9g, Er\u0151s \u00e9s tart\u00f3s<\/em>.\n    <\/p>\n<p><\/p>\n<p><strong>M\u00e9retek<\/strong><\/p>\n<p>\n      H\u00e1tt\u00e1mla p\u00e1rna m\u00e9rete: 40&#215;90 cm<br \/>\n      \u00dcl\u0151 p\u00e1rna m\u00e9rete: 75&#215;90 cm<br \/>\n      Konzol m\u00e9lys\u00e9g: 14,5 cm<br \/>\n      Konzol sz\u00e9less\u00e9g: 93 cm<br \/>\n      Konzol magass\u00e1g: 66 cm<br \/>\n      Ac\u00e9l vastags\u00e1g: 3 mm<br \/>\n      Sz\u00edn: Fekete (porsz\u00f3rt)<br \/>\n      R\u00f6gz\u00edt\u0151 furatok: 6 mm<br \/>\n      S\u00faly: 55 kg\n    <\/p>\n<p><\/p>\n<p><strong>Tipp:<\/strong><\/p>\n<ul>\n<li>Javasoljuk, hogy a fa v\u00e1s\u00e1rl\u00e1sakor vigyen mag\u00e1val egy konzolt, hogy tesztelje az illeszked\u00e9st.<\/li>\n<li>Gy\u0151z\u0151dj\u00f6n meg arr\u00f3l, hogy a gerenda teljesen be van dugva a konzol \u00fcreg\u00e9be, \u00e9s f\u00e9mf\u00fcleken t\u00e1maszkodik a konzolhoz.<\/li>\n<\/ul>\n<p><\/p>\n<p><strong>A konzoljaink m\u00e9ret\u00e9t ismer\u0151 fatelepek list\u00e1j\u00e1t, partnereinket megtal\u00e1lhatj\u00e1tok a &#8222;R\u00f3lunk&#8221; men\u00fcpont alatt.<\/strong><\/p>\n<p>Ez a term\u00e9k kiz\u00e1r\u00f3lag modulART ac\u00e9l konzolokat \u00e9s csavarokat tartalmaz, amennyiben faanyagra vagy \u00f6sszeszerel\u00e9sben val\u00f3 seg\u00edts\u00e9gre van sz\u00fcks\u00e9ge, k\u00e9rem vegye fel vel\u00fcnk a kapcsolatot telefonon vagy \u00edr\u00e1sban!<\/p>\n<\/p><\/div>\n<\/div>","protected":false},"excerpt":{"rendered":"<p>Er\u0151s \u00e9s tart\u00f3s ac\u00e9l kerti fotel p\u00e1rn\u00e1val, pr\u00e9mium szinterez\u00e9ssel. 90&#215;90 mm-es gerend\u00e1kkal kompatibilis. JELLEMZ\u0150K Sz\u00e9nac\u00e9l Magyar gy\u00e1rtm\u00e1ny\u00fa term\u00e9k Id\u0151j\u00e1r\u00e1s\u00e1ll\u00f3 anyagokkal bevonva L\u00e9zerrel v\u00e1gott, hajl\u00edtott \u00e9s hegesztett a pr\u00e9mium min\u0151s\u00e9g\u0171 kivitel\u00e9rt 2 \u00e9v korl\u00e1tozott garancia TARTALMAZ 2db modulART kerti fotel konzolt (1 szett) 1db pr\u00e9mium b\u00fatorsz\u00f6vettel ell\u00e1tott p\u00e1rna szett (\u00fcl\u0151 r\u00e9sz \u00e9s h\u00e1tt\u00e1mla, 1-1 db) 16db [&hellip;]<\/p>\n","protected":false},"featured_media":769,"template":"","meta":[],"product_brand":[],"product_cat":[24],"product_tag":[27],"class_list":{"0":"post-779","1":"product","2":"type-product","3":"status-publish","4":"has-post-thumbnail","6":"product_cat-kerti-butorok","7":"product_tag-kerti-butorok","9":"first","10":"instock","11":"taxable","12":"shipping-taxable","13":"purchasable","14":"product-type-simple"},"_links":{"self":[{"href":"https:\/\/modulartsystem.hu\/en\/wp-json\/wp\/v2\/product\/779","targetHints":{"allow":["GET"]}}],"collection":[{"href":"https:\/\/modulartsystem.hu\/en\/wp-json\/wp\/v2\/product"}],"about":[{"href":"https:\/\/modulartsystem.hu\/en\/wp-json\/wp\/v2\/types\/product"}],"wp:featuredmedia":[{"embeddable":true,"href":"https:\/\/modulartsystem.hu\/en\/wp-json\/wp\/v2\/media\/769"}],"wp:attachment":[{"href":"https:\/\/modulartsystem.hu\/en\/wp-json\/wp\/v2\/media?parent=779"}],"wp:term":[{"taxonomy":"product_brand","embeddable":true,"href":"https:\/\/modulartsystem.hu\/en\/wp-json\/wp\/v2\/product_brand?post=779"},{"taxonomy":"product_cat","embeddable":true,"href":"https:\/\/modulartsystem.hu\/en\/wp-json\/wp\/v2\/product_cat?post=779"},{"taxonomy":"product_tag","embeddable":true,"href":"https:\/\/modulartsystem.hu\/en\/wp-json\/wp\/v2\/product_tag?post=779"}],"curies":[{"name":"wp","href":"https:\/\/api.w.org\/{rel}","templated":true}]}}