{"id":697,"date":"2024-11-14T17:36:21","date_gmt":"2024-11-14T16:36:21","guid":{"rendered":"https:\/\/modulartsystem.hu\/?page_id=697"},"modified":"2025-03-14T11:38:18","modified_gmt":"2025-03-14T10:38:18","slug":"faanyagok","status":"publish","type":"page","link":"https:\/\/modulartsystem.hu\/en\/faanyagok\/","title":{"rendered":"Faanyagok"},"content":{"rendered":"<div data-elementor-type=\"wp-page\" data-elementor-id=\"697\" class=\"elementor elementor-697\">\n\t\t\t\t<div class=\"elementor-element elementor-element-6dd8844 e-flex e-con-boxed e-con e-parent\" data-id=\"6dd8844\" data-element_type=\"container\">\n\t\t\t\t\t<div class=\"e-con-inner\">\n\t\t\t\t<div class=\"elementor-element elementor-element-ad4f26b elementor-position-top elementor-widget elementor-widget-image-box\" data-id=\"ad4f26b\" data-element_type=\"widget\" data-widget_type=\"image-box.default\">\n\t\t\t\t<div class=\"elementor-widget-container\">\n\t\t\t\t\t<div class=\"elementor-image-box-wrapper\"><figure class=\"elementor-image-box-img\"><img fetchpriority=\"high\" decoding=\"async\" width=\"1200\" height=\"800\" src=\"https:\/\/modulartsystem.hu\/wp-content\/uploads\/2024\/11\/Fenyo-Fureszaru-Gerenda-12x12x5m-w.jpg\" class=\"attachment-full size-full wp-image-755\" alt=\"\" srcset=\"https:\/\/modulartsystem.hu\/wp-content\/uploads\/2024\/11\/Fenyo-Fureszaru-Gerenda-12x12x5m-w.jpg 1200w, https:\/\/modulartsystem.hu\/wp-content\/uploads\/2024\/11\/Fenyo-Fureszaru-Gerenda-12x12x5m-w-300x200.jpg 300w, https:\/\/modulartsystem.hu\/wp-content\/uploads\/2024\/11\/Fenyo-Fureszaru-Gerenda-12x12x5m-w-1024x683.jpg 1024w, https:\/\/modulartsystem.hu\/wp-content\/uploads\/2024\/11\/Fenyo-Fureszaru-Gerenda-12x12x5m-w-768x512.jpg 768w, https:\/\/modulartsystem.hu\/wp-content\/uploads\/2024\/11\/Fenyo-Fureszaru-Gerenda-12x12x5m-w-18x12.jpg 18w, https:\/\/modulartsystem.hu\/wp-content\/uploads\/2024\/11\/Fenyo-Fureszaru-Gerenda-12x12x5m-w-600x400.jpg 600w\" sizes=\"(max-width: 1200px) 100vw, 1200px\" \/><\/figure><div class=\"elementor-image-box-content\"><h3 class=\"elementor-image-box-title\">Feny\u0151 f\u0171r\u00e9sz\u00e1ru<\/h3><p class=\"elementor-image-box-description\">Els\u0151 oszt\u00e1ly\u00fa, szlov\u00e1k importb\u00f3l sz\u00e1rmaz\u00f3 szerkezet\u00e9p\u00edt\u0151 faanyag. Az \u00e1ltalunk forgalmazott \u00e9p\u00edt\u0151min\u0151s\u00e9g\u0171 f\u0171r\u00e9sz\u00e1rut fedett rakt\u00e1rakban t\u00e1roljuk, es\u0151t\u0151l, napt\u00f3l v\u00e9dett helyen, ennek k\u00f6sz\u00f6nhet\u0151en am\u00edg a gerend\u00e1k polcainkon \u00d6nt v\u00e1rj\u00e1k, cs\u00f6kken nedvess\u00e9gtartalmuk, sz\u00e1radnak, \u00edgy kev\u00e9sb\u00e9 lesznek hajlamosak a vetemed\u00e9sre, elreped\u00e9sre. <br><br><u>Egy 3mx3m-es alapter\u00fclet\u0171 2,5m magas szabadon \u00e1ll\u00f3 pergol\u00e1hoz sz\u00fcks\u00e9ges feny\u0151 f\u0171r\u00e9sz\u00e1r\u00fa k\u00f6r\u00fclbel\u00fcli \u00e1ra: 47.400 ft gyalulva, m\u00e9retre v\u00e1gva.<\/u><\/p><\/div><\/div>\t\t\t\t<\/div>\n\t\t\t\t<\/div>\n\t\t<div class=\"elementor-element elementor-element-0348b01 e-con-full e-flex e-con e-child\" data-id=\"0348b01\" data-element_type=\"container\">\n\t\t\t\t<\/div>\n\t\t\t\t<div class=\"elementor-element elementor-element-4b2866a elementor-position-top elementor-widget elementor-widget-image-box\" data-id=\"4b2866a\" data-element_type=\"widget\" data-widget_type=\"image-box.default\">\n\t\t\t\t<div class=\"elementor-widget-container\">\n\t\t\t\t\t<div class=\"elementor-image-box-wrapper\"><figure class=\"elementor-image-box-img\"><img decoding=\"async\" width=\"520\" height=\"304\" src=\"https:\/\/modulartsystem.hu\/wp-content\/uploads\/2024\/11\/kvh-belyegkep.jpeg\" class=\"attachment-full size-full wp-image-745\" alt=\"\" srcset=\"https:\/\/modulartsystem.hu\/wp-content\/uploads\/2024\/11\/kvh-belyegkep.jpeg 520w, https:\/\/modulartsystem.hu\/wp-content\/uploads\/2024\/11\/kvh-belyegkep-300x175.jpeg 300w, https:\/\/modulartsystem.hu\/wp-content\/uploads\/2024\/11\/kvh-belyegkep-18x12.jpeg 18w\" sizes=\"(max-width: 520px) 100vw, 520px\" \/><\/figure><div class=\"elementor-image-box-content\"><h3 class=\"elementor-image-box-title\">KVH sz\u00e1r\u00edtott gerenda<\/h3><p class=\"elementor-image-box-description\">KVH a n\u00e9met \"Konstruktionsvollholz\" r\u00f6vid\u00edt\u00e9se, ami magyarul szerkezeti faanyagot jelent. A KVH gerend\u00e1k k\u00e9sz\u00edt\u00e9se sor\u00e1n az alapanyagot, leggyakrabban lucfeny\u0151t, hosszir\u00e1nyban toldj\u00e1k \u00f6ssze, ezut\u00e1n a f\u00e1t sz\u00e1r\u00edt\u00f3kamr\u00e1ban megfelel\u0151 nedvess\u00e9g tartalomra sz\u00e1r\u00edtj\u00e1k, majd a v\u00e9gleges, nem l\u00e1tsz\u00f3 haszn\u00e1latra tervezett fel\u00fcletet alak\u00edtj\u00e1k ki. A KVH fagerend\u00e1k rendszerint gyalult fel\u00fclet\u0171ek \u00e9s \u00e9lfoz\u00f3ltak. Nem csiszolt fel\u00fclet\u0171ek. Sz\u00e1r\u00edt\u00f3kamr\u00e1ban sz\u00e1r\u00edtott gerend\u00e1k felhaszn\u00e1l\u00e1sra k\u00e9sz \u00e1llapotban v\u00e1s\u00e1rolhat\u00f3ak meg.<br><br><u>Egy 3mx3m-es alapter\u00fclet\u0171 2,5m magas szabadon \u00e1ll\u00f3 pergol\u00e1hoz sz\u00fcks\u00e9ges KVH gerend\u00e1k k\u00f6r\u00fclbel\u00fcli \u00e1ra: 65.880 ft gyalulva, m\u00e9retre v\u00e1gva.<\/u><\/p><\/div><\/div>\t\t\t\t<\/div>\n\t\t\t\t<\/div>\n\t\t<div class=\"elementor-element elementor-element-56e3363 e-con-full e-flex e-con e-child\" data-id=\"56e3363\" data-element_type=\"container\">\n\t\t\t\t<\/div>\n\t\t\t\t<div class=\"elementor-element elementor-element-e1e1eea elementor-position-top elementor-widget elementor-widget-image-box\" data-id=\"e1e1eea\" data-element_type=\"widget\" data-widget_type=\"image-box.default\">\n\t\t\t\t<div class=\"elementor-widget-container\">\n\t\t\t\t\t<div class=\"elementor-image-box-wrapper\"><figure class=\"elementor-image-box-img\"><img decoding=\"async\" width=\"700\" height=\"350\" src=\"https:\/\/modulartsystem.hu\/wp-content\/uploads\/2024\/11\/668-1.jpg\" class=\"attachment-full size-full wp-image-717\" alt=\"\" srcset=\"https:\/\/modulartsystem.hu\/wp-content\/uploads\/2024\/11\/668-1.jpg 700w, https:\/\/modulartsystem.hu\/wp-content\/uploads\/2024\/11\/668-1-300x150.jpg 300w, https:\/\/modulartsystem.hu\/wp-content\/uploads\/2024\/11\/668-1-18x9.jpg 18w, https:\/\/modulartsystem.hu\/wp-content\/uploads\/2024\/11\/668-1-600x300.jpg 600w\" sizes=\"(max-width: 700px) 100vw, 700px\" \/><\/figure><div class=\"elementor-image-box-content\"><h3 class=\"elementor-image-box-title\">BSH<\/h3><p class=\"elementor-image-box-description\">A n\u00e9met importb\u00f3l sz\u00e1rmaz\u00f3 r\u00e9tegragasztott fatart\u00f3ink, a legmagasabb, kompromisszummentes min\u0151s\u00e9get k\u00e9pviselik.  Gyalult fel\u00fclet\u0171, megh\u00f6kkent\u0151 statikai teherb\u00edr\u00e1s\u00fa, GL24-es szabv\u00e1ny szerint k\u00e9sz\u00fclt term\u00e9k, magas eszt\u00e9tikai \u00e9rt\u00e9kei felett rendk\u00edv\u00fcl tart\u00f3s, mind k\u00fcl \u00e9s belt\u00e9ren garant\u00e1ltan hossz\u00fa t\u00e1von id\u0151t\u00e1ll\u00f3, az alkalmazott r\u00e9tegragasztott technol\u00f3gi\u00e1nak k\u00f6sz\u00f6nhet\u0151en nem reped meg vagy csavarodik el.<br><br><u>Egy 3mx3m-es alapter\u00fclet\u0171 2,5m magas szabadon \u00e1ll\u00f3 pergol\u00e1hoz sz\u00fcks\u00e9ges BSH gerend\u00e1k k\u00f6r\u00fclbel\u00fcli \u00e1ra:<b> <\/b>92.320 ft<b> <\/b>gyalulva, m\u00e9retre v\u00e1gva.<\/u><\/p><\/div><\/div>\t\t\t\t<\/div>\n\t\t\t\t<\/div>\n\t\t\t\t\t<\/div>\n\t\t\t\t<\/div>\n\t\t\t\t<\/div>","protected":false},"excerpt":{"rendered":"<p>Feny\u0151 f\u0171r\u00e9sz\u00e1ru Els\u0151 oszt\u00e1ly\u00fa, szlov\u00e1k importb\u00f3l sz\u00e1rmaz\u00f3 szerkezet\u00e9p\u00edt\u0151 faanyag. Az \u00e1ltalunk forgalmazott \u00e9p\u00edt\u0151min\u0151s\u00e9g\u0171 f\u0171r\u00e9sz\u00e1rut fedett rakt\u00e1rakban t\u00e1roljuk, es\u0151t\u0151l, napt\u00f3l v\u00e9dett helyen, ennek k\u00f6sz\u00f6nhet\u0151en am\u00edg a gerend\u00e1k polcainkon \u00d6nt v\u00e1rj\u00e1k, cs\u00f6kken nedvess\u00e9gtartalmuk, sz\u00e1radnak, \u00edgy kev\u00e9sb\u00e9 lesznek hajlamosak a vetemed\u00e9sre, elreped\u00e9sre. Egy 3mx3m-es alapter\u00fclet\u0171 2,5m magas szabadon \u00e1ll\u00f3 pergol\u00e1hoz sz\u00fcks\u00e9ges feny\u0151 f\u0171r\u00e9sz\u00e1r\u00fa k\u00f6r\u00fclbel\u00fcli \u00e1ra: 47.400 ft gyalulva, [&hellip;]<\/p>\n","protected":false},"author":1,"featured_media":0,"parent":0,"menu_order":0,"comment_status":"closed","ping_status":"closed","template":"","meta":{"footnotes":""},"class_list":["post-697","page","type-page","status-publish","hentry"],"_links":{"self":[{"href":"https:\/\/modulartsystem.hu\/en\/wp-json\/wp\/v2\/pages\/697","targetHints":{"allow":["GET"]}}],"collection":[{"href":"https:\/\/modulartsystem.hu\/en\/wp-json\/wp\/v2\/pages"}],"about":[{"href":"https:\/\/modulartsystem.hu\/en\/wp-json\/wp\/v2\/types\/page"}],"author":[{"embeddable":true,"href":"https:\/\/modulartsystem.hu\/en\/wp-json\/wp\/v2\/users\/1"}],"replies":[{"embeddable":true,"href":"https:\/\/modulartsystem.hu\/en\/wp-json\/wp\/v2\/comments?post=697"}],"version-history":[{"count":73,"href":"https:\/\/modulartsystem.hu\/en\/wp-json\/wp\/v2\/pages\/697\/revisions"}],"predecessor-version":[{"id":970,"href":"https:\/\/modulartsystem.hu\/en\/wp-json\/wp\/v2\/pages\/697\/revisions\/970"}],"wp:attachment":[{"href":"https:\/\/modulartsystem.hu\/en\/wp-json\/wp\/v2\/media?parent=697"}],"curies":[{"name":"wp","href":"https:\/\/api.w.org\/{rel}","templated":true}]}}