{"id":51,"date":"2024-07-24T10:05:37","date_gmt":"2024-07-24T08:05:37","guid":{"rendered":"https:\/\/modulartsystem.hu\/?page_id=51"},"modified":"2025-10-02T09:47:14","modified_gmt":"2025-10-02T07:47:14","slug":"adatkezelesi-tajekoztato","status":"publish","type":"page","link":"https:\/\/modulartsystem.hu\/en\/adatkezelesi-tajekoztato\/","title":{"rendered":"Privacy notice"},"content":{"rendered":"<div data-elementor-type=\"wp-page\" data-elementor-id=\"51\" class=\"elementor elementor-51\">\n\t\t\t\t<div class=\"elementor-element elementor-element-96fa444 e-flex e-con-boxed e-con e-parent\" data-id=\"96fa444\" data-element_type=\"container\">\n\t\t\t\t\t<div class=\"e-con-inner\">\n\t\t\t\t<div class=\"elementor-element elementor-element-3a70d2e elementor-widget elementor-widget-text-editor\" data-id=\"3a70d2e\" data-element_type=\"widget\" data-widget_type=\"text-editor.default\">\n\t\t\t\t<div class=\"elementor-widget-container\">\n\t\t\t\t\t\t\t\t\t<p>A SZEM\u00c9LYES ADATOK KEZEL\u00c9SE<\/p><p>1. A Modulart System nyilv\u00e1ntart\u00e1si sz\u00e1ma Szem\u00e9lyes Adat Feldolgoz\u00e1si M\u0171veletek Nyilv\u00e1ntart\u00e1s\u00e1ban:\u00a0\u00a0<\/p><p>2. A szem\u00e9lyes adatok feldolgoz\u00e1sa vonatkoz\u00e1s\u00e1ban az egy\u00e9nek v\u00e9delm\u00e9r\u0151l \u00e9s az ilyen adatok szabad \u00e1raml\u00e1s\u00e1r\u00f3l sz\u00f3l\u00f3, t\u00f6rv\u00e9ny el\u0151\u00edr\u00e1sainak megfelel\u0151en a Modulart System k\u00f6teles biztons\u00e1gos felt\u00e9telek mellett \u00e9s csakis a c\u00e9lhoz k\u00f6t\u00f6tten kezelni azokat a szem\u00e9lyes adatokat, amelyeket a Felhaszn\u00e1l\u00f3k\/\u00dcgyfelek\/V\u00e1s\u00e1rl\u00f3k a Saj\u00e1t profil l\u00e9trehoz\u00e1sa illetve a Megrendel\u00e9s sor\u00e1n megadtak.<\/p><p>3. Az adatkezel\u00e9s c\u00e9lja:<\/p><p>(i) az \u00dcgyfelek\/V\u00e1s\u00e1rl\u00f3k t\u00e1j\u00e9koztat\u00e1sa a Saj\u00e1t profiljuk st\u00e1tusz\u00e1r\u00f3l, bele\u00e9rtve a V\u00e1s\u00e1rl\u00f3k t\u00e1j\u00e9koztat\u00e1sa a Megrendel\u00e9s j\u00f3v\u00e1hagy\u00e1s\u00e1t, a Term\u00e9kek kisz\u00e1ll\u00edt\u00e1s\u00e1t \u00e9s sz\u00e1ml\u00e1z\u00e1s\u00e1t, illetve a megrendelt Term\u00e9kekkel kapcsolatos minden reklam\u00e1ci\u00f3t (el\u00e1ll\u00e1si jog gyakorl\u00e1sa);<br \/>(ii) h\u00edrlev\u00e9l k\u00fcld\u00e9se \u00e9s\/vagy id\u0151szakos \u00e9rtes\u00edt\u00e9sek k\u00fcld\u00e9se sms-en, illetve e-mailen kereszt\u00fcl;<br \/>(iii) marketing tev\u00e9kenys\u00e9g, a k\u00edn\u00e1lt Term\u00e9kek \u00e9s Szolg\u00e1ltat\u00e1sok V\u00e9lem\u00e9nye, a kereskedelmi tev\u00e9kenys\u00e9gek V\u00e9lem\u00e9nye, a Term\u00e9keket \u00e9s Szolg\u00e1ltat\u00e1sokat t\u00e1mogat\u00f3 tev\u00e9kenys\u00e9gek, marketing, rekl\u00e1m, adminisztr\u00e1ci\u00f3, fejleszt\u00e9s, piackutat\u00e1s, statisztika, az \u00e9rt\u00e9kes\u00edt\u00e9sek \u00e9s az \u00dcgyf\u00e9l\/V\u00e1s\u00e1rl\u00f3 viselked\u00e9s\u00e9nek nyomon k\u00f6vet\u00e9se \u00e9s figyelemmel k\u00eds\u00e9r\u00e9se.<\/p><p>4. A V\u00e1s\u00e1rl\u00f3 azzal, hogy a Saj\u00e1t profil l\u00e9trehoz\u00e1sakor \u00e9s\/vagy a Megrendel\u00e9s lead\u00e1sakor kit\u00f6lti az \u0171rlapot az adataival, kijelenti \u00e9s felt\u00e9tel n\u00e9lk\u00fcl elfogadja, hogy a szem\u00e9lyes adatait a Modulart System, annak t\u00e1rsv\u00e1llalatai \u00e9s azok munkat\u00e1rsai ezeket a szem\u00e9lyes adatokat t\u00e1rolj\u00e1k, haszn\u00e1lj\u00e1k \u00e9s feldolgozz\u00e1k, az Modulart System, \u00e9s annak t\u00e1rsv\u00e1llalatai \u00e9s azok munkat\u00e1rsai al\u00e1bbi tev\u00e9kenys\u00e9gei a jelen \u00e1ltal\u00e1nos felhaszn\u00e1l\u00e1si felt\u00e9telek megk\u00f6t\u00e9s\u00e9nek c\u00e9ljaival \u00f6sszhangban \u00e9s a 14. pontban r\u00f6gz\u00edtett c\u00e9lokkal \u00f6sszhangban. .<\/p><p>5. A jelen \u00c1FF. elolvas\u00e1s\u00e1val az \u00dcgyf\u00e9l\/V\u00e1s\u00e1rl\u00f3 tudom\u00e1st szerzett arr\u00f3l, hogy a t\u00f6rv\u00e9nyben el\u0151\u00edrt jogai biztos\u00edtottak az Modulart System \u00e1ltal, azaz a t\u00e1j\u00e9koztat\u00e1shoz val\u00f3 jog, az adatokhoz val\u00f3 hozz\u00e1f\u00e9r\u00e9s joga, az adatokba val\u00f3 betekint\u00e9s joga, a kifog\u00e1sol\u00e1s joga, az egyedi hat\u00e1rozatok al\u00e1vet\u00e9s\u00e9nek elutas\u00edt\u00e1s\u00e1ra vonatkoz\u00f3 jog, tov\u00e1bb\u00e1 a b\u00edr\u00f3s\u00e1gi kereset ind\u00edt\u00e1si jog, a szem\u00e9lyes adatok feldolgoz\u00e1sa vonatkoz\u00e1s\u00e1ban az egy\u00e9nek v\u00e9delm\u00e9r\u0151l \u00e9s az ilyen adatok szabad \u00e1raml\u00e1s\u00e1r\u00f3l sz\u00f3l\u00f3 677\/2001 sz\u00e1m\u00fa t\u00f6rv\u00e9ny szerint garant\u00e1lt jogok megs\u00e9rt\u00e9se eset\u00e9n.<\/p><p>6. Az \u00dcgyf\u00e9l\/V\u00e1s\u00e1rl\u00f3 Modulart System Korl\u00e1tolt Felel\u0151ss\u00e9g\u0171 T\u00e1rsas\u00e1g. r\u00e9sz\u00e9re c\u00edmzett, a 2141 Cs\u00f6m\u00f6r, V\u00edzm\u0171sor utca 14\/A c\u00edmre elk\u00fcld\u00f6tt, d\u00e1tummal ell\u00e1tott \u00e9s al\u00e1\u00edrt \u00edr\u00e1sos k\u00e9relem alapj\u00e1n ingyenesen ig\u00e9nyelheti egy \u00e9vre sz\u00f3l\u00f3an, hogy \u00e9rtes\u00edts\u00e9k a szem\u00e9lyes adatai kezel\u00e9s\u00e9t \u00e9s feldolgoz\u00e1s\u00e1t illet\u0151en.<\/p><p>7. Az \u00dcgyf\u00e9k\/V\u00e1s\u00e1rl\u00f3 a Modulart System Korl\u00e1tolt Felel\u0151ss\u00e9g\u0171 T\u00e1rsas\u00e1g. r\u00e9sz\u00e9re c\u00edmzett, a 2141 Cs\u00f6m\u00f6r, V\u00edzm\u0171sor utca 14\/A. c\u00edmre elk\u00fcld\u00f6tt, d\u00e1tummal ell\u00e1tott \u00e9s al\u00e1\u00edrt \u00edr\u00e1sos k\u00e9relem alapj\u00e1n \u00e9lhet az adatokat illet\u0151 rendelkez\u00e9s jog\u00e1val az al\u00e1bbi esetekben:<\/p><p>\u2013 azon adatok kijav\u00edt\u00e1s\u00e1t, friss\u00edt\u00e9s\u00e9t, z\u00e1rol\u00e1s\u00e1t vagy t\u00f6rl\u00e9s\u00e9t k\u00e9rheti, amelyek feldolgoz\u00e1sa nem felel meg a szem\u00e9lyes adatok feldolgoz\u00e1sa vonatkoz\u00e1s\u00e1ban az egy\u00e9nek v\u00e9delm\u00e9r\u0151l \u00e9s az ilyen adatok szabad \u00e1raml\u00e1s\u00e1r\u00f3l sz\u00f3l\u00f3 677\/2001 sz\u00e1m\u00fa t\u00f6rv\u00e9ny el\u0151\u00edr\u00e1sainak, k\u00fcl\u00f6n\u00f6s tekintettel a hi\u00e1nyos \u00e9s pontatlan adatokra;<br \/>\u2013 anonim adatokk\u00e1 val\u00f3 \u00e1talak\u00edt\u00e1s\u00e1t k\u00e9rheti azoknak az adatoknak, amelyek nem felelnek meg a szem\u00e9lyes adatok feldolgoz\u00e1sa vonatkoz\u00e1s\u00e1ban az egy\u00e9nek v\u00e9delm\u00e9r\u0151l \u00e9s az ilyen adatok szabad \u00e1raml\u00e1s\u00e1r\u00f3l sz\u00f3l\u00f3 677\/2001 sz\u00e1m\u00fa t\u00f6rv\u00e9nyel\u0151\u00edr\u00e1sainak;<br \/>\u2013 azon harmadik felek \u00e9rtes\u00edt\u00e9s\u00e9t k\u00e9rheti, akik adatait felt\u00e1rt\u00e1k, abban az esetben, ha ez az \u00e9rtes\u00edt\u00e9s nem bizonyul lehetetlennek vagy nem felt\u00e9telez ar\u00e1nytalanul nagy er\u0151fesz\u00edt\u00e9st az ez\u00e1ltal v\u00e9dett t\u00f6rv\u00e9nyes \u00e9rdekhez viszony\u00edtva;<\/p><p>8. Az Modulart System tov\u00e1bb\u00edthatja az \u00dcgyf\u00e9l\/ V\u00e1s\u00e1rl\u00f3 szem\u00e9lyes adatait \u2013 az al\u00e1bbiak szerint \u2013 olyan t\u00e1rsas\u00e1goknak, amelyekkel szerz\u0151d\u00e9ses kapcsolatban \u00e1ll, de kiz\u00e1r\u00f3lag a t\u00e1rsas\u00e1gokkal k\u00f6t\u00f6tt titoktart\u00e1si meg\u00e1llapod\u00e1sban r\u00f6gz\u00edtettek szerint , amennyiben azok garant\u00e1lj\u00e1k, hogy a szem\u00e9lyes adatokat biztons\u00e1gosan, z\u00e1rtan, a hat\u00e1lyos jogszab\u00e1lyoknak megfelel\u0151en kezelik \u00e9s tov\u00e1bb\u00edtj\u00e1k: marketing szolg\u00e1ltat\u00f3k, fut\u00e1rszolg\u00e1latok, fizet\u00e9si\/bank szolg\u00e1ltat\u00f3k, olyan telemarketing vagy egy\u00e9b szolg\u00e1ltat\u00e1st szolg\u00e1ltat\u00f3 t\u00e1rsas\u00e1gok, amelyekkel az Modulart System a Term\u00e9kei \u00e9s Szolg\u00e1ltat\u00e1sai vonatkoz\u00e1s\u00e1ban k\u00f6z\u00f6s k\u00edn\u00e1lati programot tud kifejleszteni, biztos\u00edt\u00f3k.<\/p><p>9. Az \u00dcgyf\u00e9l\/ V\u00e1s\u00e1rl\u00f3 szem\u00e9lyes adatai a jogszab\u00e1lyi el\u0151\u00edr\u00e1sok alapj\u00e1n \u00e9s azok keretei k\u00f6z\u00f6tt hat\u00f3s\u00e1gok, b\u00edr\u00f3s\u00e1gok, \u00fcgy\u00e9szs\u00e9gek sz\u00e1m\u00e1ra tov\u00e1bb\u00edthat\u00f3k.<\/p><p>10. A Weboldal Modulart System cookie-kat haszn\u00e1l annak \u00e9rdek\u00e9ben, hogy teljesebb k\u00f6r\u0171 szolg\u00e1ltat\u00e1st ny\u00fajtson a Felhaszn\u00e1l\u00f3\/\u00dcgyf\u00e9l\/V\u00e1s\u00e1rl\u00f3 r\u00e9sz\u00e9re, a Modulartsystem.hu oldalra t\u00f6rt\u00e9n\u0151 bel\u00e9p\u00e9ssel a Felhaszn\u00e1l\u00f3\/\u00dcgyf\u00e9l\/V\u00e1s\u00e1rl\u00f3 elfogadja a cookie-k haszn\u00e1lat\u00e1nak Cookie Szab\u00e1lyzatban r\u00f6gz\u00edtett felt\u00e9teleit.<\/p><p>11. Az adatkezel\u00e9s t\u00e9nye, a kezelt adatok k\u00f6re: A szolg\u00e1ltat\u00e1s haszn\u00e1lata sor\u00e1n az \u00e9rintett \u00e1ltal megadott valamennyi szem\u00e9lyes adat.<\/p><p>12. Az \u00e9rintettek k\u00f6re: A weboldalt haszn\u00e1l\u00f3 valamennyi \u00e9rintett.<\/p><p>13. Az adatkezel\u00e9s c\u00e9lja: Az adatfeldolgoz\u00f3 \u00e1ltal ny\u00fajtott szolg\u00e1ltat\u00e1sok m\u0171k\u00f6dtet\u00e9se a weboldalon.<\/p><p>14. Az adatkezel\u00e9s id\u0151tartama, az adatok t\u00f6rl\u00e9s\u00e9nek hat\u00e1rideje: Az adatkezel\u0151 \u00e9s az adatfeldolgoz\u00f3 k\u00f6z\u00f6tti meg\u00e1llapod\u00e1s megsz\u0171n\u00e9s\u00e9ig, vagy az \u00e9rintettnek az adatfeldolgoz\u00f3 fel\u00e9 int\u00e9zett t\u00f6rl\u00e9si k\u00e9relm\u00e9ig tart az adatkezel\u00e9s.<\/p><p>15. Az adatfeldolgoz\u00e1s jogalapja: a Felhaszn\u00e1l\u00f3 hozz\u00e1j\u00e1rul\u00e1sa, a GDPR 6. cikk (1) bekezd\u00e9s a) \u00e9s c) pontja, illetve az elektronikus kereskedelmi szolg\u00e1ltat\u00e1sok, valamint az inform\u00e1ci\u00f3s t\u00e1rsadalommal \u00f6sszef\u00fcgg\u0151 szolg\u00e1ltat\u00e1sok egyes k\u00e9rd\u00e9seir\u0151l sz\u00f3l\u00f3 2001. \u00e9vi CVIII. t\u00f6rv\u00e9ny 13\/A. \u00a7 (3) bekezd\u00e9se.<\/p>\t\t\t\t\t\t\t\t<\/div>\n\t\t\t\t<\/div>\n\t\t\t\t\t<\/div>\n\t\t\t\t<\/div>\n\t\t\t\t<\/div>","protected":false},"excerpt":{"rendered":"<p>A SZEM\u00c9LYES ADATOK KEZEL\u00c9SE 1. A Modulart System nyilv\u00e1ntart\u00e1si sz\u00e1ma Szem\u00e9lyes Adat Feldolgoz\u00e1si M\u0171veletek Nyilv\u00e1ntart\u00e1s\u00e1ban:\u00a0\u00a0 2. A szem\u00e9lyes adatok feldolgoz\u00e1sa vonatkoz\u00e1s\u00e1ban az egy\u00e9nek v\u00e9delm\u00e9r\u0151l \u00e9s az ilyen adatok szabad \u00e1raml\u00e1s\u00e1r\u00f3l sz\u00f3l\u00f3, t\u00f6rv\u00e9ny el\u0151\u00edr\u00e1sainak megfelel\u0151en a Modulart System k\u00f6teles biztons\u00e1gos felt\u00e9telek mellett \u00e9s csakis a c\u00e9lhoz k\u00f6t\u00f6tten kezelni azokat a szem\u00e9lyes adatokat, amelyeket a Felhaszn\u00e1l\u00f3k\/\u00dcgyfelek\/V\u00e1s\u00e1rl\u00f3k a [&hellip;]<\/p>\n","protected":false},"author":1,"featured_media":0,"parent":0,"menu_order":0,"comment_status":"closed","ping_status":"closed","template":"","meta":{"footnotes":""},"class_list":["post-51","page","type-page","status-publish","hentry"],"_links":{"self":[{"href":"https:\/\/modulartsystem.hu\/en\/wp-json\/wp\/v2\/pages\/51","targetHints":{"allow":["GET"]}}],"collection":[{"href":"https:\/\/modulartsystem.hu\/en\/wp-json\/wp\/v2\/pages"}],"about":[{"href":"https:\/\/modulartsystem.hu\/en\/wp-json\/wp\/v2\/types\/page"}],"author":[{"embeddable":true,"href":"https:\/\/modulartsystem.hu\/en\/wp-json\/wp\/v2\/users\/1"}],"replies":[{"embeddable":true,"href":"https:\/\/modulartsystem.hu\/en\/wp-json\/wp\/v2\/comments?post=51"}],"version-history":[{"count":19,"href":"https:\/\/modulartsystem.hu\/en\/wp-json\/wp\/v2\/pages\/51\/revisions"}],"predecessor-version":[{"id":1422,"href":"https:\/\/modulartsystem.hu\/en\/wp-json\/wp\/v2\/pages\/51\/revisions\/1422"}],"wp:attachment":[{"href":"https:\/\/modulartsystem.hu\/en\/wp-json\/wp\/v2\/media?parent=51"}],"curies":[{"name":"wp","href":"https:\/\/api.w.org\/{rel}","templated":true}]}}