{"id":49,"date":"2024-07-24T10:05:23","date_gmt":"2024-07-24T08:05:23","guid":{"rendered":"https:\/\/modulartsystem.hu\/?page_id=49"},"modified":"2024-09-17T13:42:14","modified_gmt":"2024-09-17T11:42:14","slug":"szallitasi-informaciok","status":"publish","type":"page","link":"https:\/\/modulartsystem.hu\/en\/szallitasi-informaciok\/","title":{"rendered":"Delivery information"},"content":{"rendered":"<p><strong>Fizet\u00e9s<\/strong>&nbsp;<\/p><p>A fizet\u00e9s t\u00f6rt\u00e9nhet ut\u00e1nv\u00e9ttel vagy bankk\u00e1rty\u00e1val a Barion rendszer\u00e9n kereszt\u00fcl. Ut\u00e1nv\u00e9tes opci\u00f3n\u00e1l a megrendel\u00e9st a csomag \u00e1tv\u00e9telekor egyenl\u00edtheted ki a fut\u00e1rn\u00e1l. Adatkezel\u00e9s\u00fcnkr\u0151l az Adatkezel\u00e9si t\u00e1j\u00e9koztat\u00f3 men\u00fcpont alatt olvashatsz b\u0151vebben.\u00a0<\/p><p><strong>Sz\u00e1ll\u00edt\u00e1s<\/strong><\/p><p>A sz\u00e1ll\u00edt\u00e1s Brutt\u00f3 2.990 Ft. Csomagjainkat kiz\u00e1r\u00f3lag h\u00e1zhozsz\u00e1ll\u00edt\u00e1ssal, tudod megrendelni \u00e9s \u00e1tlagosan 5-7 munkanapot vesz ig\u00e9nybe a rendel\u00e9s kisz\u00e1ll\u00edt\u00e1sa a IPL Magyarorsz\u00e1g fut\u00e1rszolg\u00e1lattal vagy a Magyar Posta \u00e1ltal. A nyomk\u00f6vet\u00e9si sz\u00e1mr\u00f3l \u00e9s a sz\u00e1ll\u00edt\u00e1s pontos id\u0151pontj\u00e1r\u00f3l a fut\u00e1rszolg\u00e1lat fog t\u00e9ged e-mailben \u00e9rtes\u00edteni.<\/p>","protected":false},"excerpt":{"rendered":"<p>Fizet\u00e9s&nbsp; A fizet\u00e9s t\u00f6rt\u00e9nhet ut\u00e1nv\u00e9ttel vagy bankk\u00e1rty\u00e1val a Barion rendszer\u00e9n kereszt\u00fcl. Ut\u00e1nv\u00e9tes opci\u00f3n\u00e1l a megrendel\u00e9st a csomag \u00e1tv\u00e9telekor egyenl\u00edtheted ki a fut\u00e1rn\u00e1l. Adatkezel\u00e9s\u00fcnkr\u0151l az Adatkezel\u00e9si t\u00e1j\u00e9koztat\u00f3 men\u00fcpont alatt olvashatsz b\u0151vebben.\u00a0 Sz\u00e1ll\u00edt\u00e1s A sz\u00e1ll\u00edt\u00e1s Brutt\u00f3 2.990 Ft. Csomagjainkat kiz\u00e1r\u00f3lag h\u00e1zhozsz\u00e1ll\u00edt\u00e1ssal, tudod megrendelni \u00e9s \u00e1tlagosan 5-7 munkanapot vesz ig\u00e9nybe a rendel\u00e9s kisz\u00e1ll\u00edt\u00e1sa a IPL Magyarorsz\u00e1g fut\u00e1rszolg\u00e1lattal vagy [&hellip;]<\/p>\n","protected":false},"author":1,"featured_media":0,"parent":0,"menu_order":0,"comment_status":"closed","ping_status":"closed","template":"","meta":{"footnotes":""},"class_list":["post-49","page","type-page","status-publish","hentry"],"_links":{"self":[{"href":"https:\/\/modulartsystem.hu\/en\/wp-json\/wp\/v2\/pages\/49","targetHints":{"allow":["GET"]}}],"collection":[{"href":"https:\/\/modulartsystem.hu\/en\/wp-json\/wp\/v2\/pages"}],"about":[{"href":"https:\/\/modulartsystem.hu\/en\/wp-json\/wp\/v2\/types\/page"}],"author":[{"embeddable":true,"href":"https:\/\/modulartsystem.hu\/en\/wp-json\/wp\/v2\/users\/1"}],"replies":[{"embeddable":true,"href":"https:\/\/modulartsystem.hu\/en\/wp-json\/wp\/v2\/comments?post=49"}],"version-history":[{"count":3,"href":"https:\/\/modulartsystem.hu\/en\/wp-json\/wp\/v2\/pages\/49\/revisions"}],"predecessor-version":[{"id":564,"href":"https:\/\/modulartsystem.hu\/en\/wp-json\/wp\/v2\/pages\/49\/revisions\/564"}],"wp:attachment":[{"href":"https:\/\/modulartsystem.hu\/en\/wp-json\/wp\/v2\/media?parent=49"}],"curies":[{"name":"wp","href":"https:\/\/api.w.org\/{rel}","templated":true}]}}