{"id":41,"date":"2024-07-24T10:04:24","date_gmt":"2024-07-24T08:04:24","guid":{"rendered":"https:\/\/modulartsystem.hu\/?page_id=41"},"modified":"2024-08-14T09:18:28","modified_gmt":"2024-08-14T07:18:28","slug":"utmutato","status":"publish","type":"page","link":"https:\/\/modulartsystem.hu\/en\/utmutato\/","title":{"rendered":"Guide"},"content":{"rendered":"<div data-elementor-type=\"wp-page\" data-elementor-id=\"41\" class=\"elementor elementor-41\">\n\t\t\t\t<div class=\"elementor-element elementor-element-aa27492 e-flex e-con-boxed e-con e-parent\" data-id=\"aa27492\" data-element_type=\"container\">\n\t\t\t\t\t<div class=\"e-con-inner\">\n\t\t\t\t<div class=\"elementor-element elementor-element-240a896 elementor-widget elementor-widget-image-gallery\" data-id=\"240a896\" data-element_type=\"widget\" data-widget_type=\"image-gallery.default\">\n\t\t\t\t<div class=\"elementor-widget-container\">\n\t\t\t\t\t\t\t<div class=\"elementor-image-gallery\">\n\t\t\t<div id='gallery-1' class='gallery galleryid-41 gallery-columns-7 gallery-size-full'><figure class='gallery-item'>\n\t\t\t<div class='gallery-icon portrait'>\n\t\t\t\t<a data-elementor-open-lightbox=\"yes\" data-elementor-lightbox-slideshow=\"240a896\" data-e-action-hash=\"#elementor-action%3Aaction%3Dlightbox%26settings%3DeyJpZCI6MTU0LCJ1cmwiOiJodHRwczpcL1wvbW9kdWxhcnRzeXN0ZW0uaHVcL3dwLWNvbnRlbnRcL3VwbG9hZHNcLzIwMjRcLzA3XC8xLnBuZyIsInNsaWRlc2hvdyI6IjI0MGE4OTYifQ%3D%3D\" href='https:\/\/modulartsystem.hu\/wp-content\/uploads\/2024\/07\/1.png'><img fetchpriority=\"high\" decoding=\"async\" width=\"1277\" height=\"1790\" src=\"https:\/\/modulartsystem.hu\/wp-content\/uploads\/2024\/07\/1.png\" class=\"attachment-full size-full\" alt=\"\" srcset=\"https:\/\/modulartsystem.hu\/wp-content\/uploads\/2024\/07\/1.png 1277w, https:\/\/modulartsystem.hu\/wp-content\/uploads\/2024\/07\/1-600x841.png 600w, https:\/\/modulartsystem.hu\/wp-content\/uploads\/2024\/07\/1-214x300.png 214w, https:\/\/modulartsystem.hu\/wp-content\/uploads\/2024\/07\/1-731x1024.png 731w, https:\/\/modulartsystem.hu\/wp-content\/uploads\/2024\/07\/1-768x1077.png 768w, https:\/\/modulartsystem.hu\/wp-content\/uploads\/2024\/07\/1-1096x1536.png 1096w, https:\/\/modulartsystem.hu\/wp-content\/uploads\/2024\/07\/1-9x12.png 9w\" sizes=\"(max-width: 1277px) 100vw, 1277px\" \/><\/a>\n\t\t\t<\/div><\/figure><figure class='gallery-item'>\n\t\t\t<div class='gallery-icon portrait'>\n\t\t\t\t<a data-elementor-open-lightbox=\"yes\" data-elementor-lightbox-slideshow=\"240a896\" data-e-action-hash=\"#elementor-action%3Aaction%3Dlightbox%26settings%3DeyJpZCI6MTU1LCJ1cmwiOiJodHRwczpcL1wvbW9kdWxhcnRzeXN0ZW0uaHVcL3dwLWNvbnRlbnRcL3VwbG9hZHNcLzIwMjRcLzA3XC8yLnBuZyIsInNsaWRlc2hvdyI6IjI0MGE4OTYifQ%3D%3D\" href='https:\/\/modulartsystem.hu\/wp-content\/uploads\/2024\/07\/2.png'><img decoding=\"async\" width=\"1277\" height=\"1790\" src=\"https:\/\/modulartsystem.hu\/wp-content\/uploads\/2024\/07\/2.png\" class=\"attachment-full size-full\" alt=\"\" srcset=\"https:\/\/modulartsystem.hu\/wp-content\/uploads\/2024\/07\/2.png 1277w, https:\/\/modulartsystem.hu\/wp-content\/uploads\/2024\/07\/2-600x841.png 600w, https:\/\/modulartsystem.hu\/wp-content\/uploads\/2024\/07\/2-214x300.png 214w, https:\/\/modulartsystem.hu\/wp-content\/uploads\/2024\/07\/2-731x1024.png 731w, https:\/\/modulartsystem.hu\/wp-content\/uploads\/2024\/07\/2-768x1077.png 768w, https:\/\/modulartsystem.hu\/wp-content\/uploads\/2024\/07\/2-1096x1536.png 1096w, https:\/\/modulartsystem.hu\/wp-content\/uploads\/2024\/07\/2-9x12.png 9w\" sizes=\"(max-width: 1277px) 100vw, 1277px\" \/><\/a>\n\t\t\t<\/div><\/figure><figure class='gallery-item'>\n\t\t\t<div class='gallery-icon portrait'>\n\t\t\t\t<a data-elementor-open-lightbox=\"yes\" data-elementor-lightbox-slideshow=\"240a896\" data-e-action-hash=\"#elementor-action%3Aaction%3Dlightbox%26settings%3DeyJpZCI6MTU2LCJ1cmwiOiJodHRwczpcL1wvbW9kdWxhcnRzeXN0ZW0uaHVcL3dwLWNvbnRlbnRcL3VwbG9hZHNcLzIwMjRcLzA3XC8zLnBuZyIsInNsaWRlc2hvdyI6IjI0MGE4OTYifQ%3D%3D\" href='https:\/\/modulartsystem.hu\/wp-content\/uploads\/2024\/07\/3.png'><img decoding=\"async\" width=\"1276\" height=\"1790\" src=\"https:\/\/modulartsystem.hu\/wp-content\/uploads\/2024\/07\/3.png\" class=\"attachment-full size-full\" alt=\"\" srcset=\"https:\/\/modulartsystem.hu\/wp-content\/uploads\/2024\/07\/3.png 1276w, https:\/\/modulartsystem.hu\/wp-content\/uploads\/2024\/07\/3-600x842.png 600w, https:\/\/modulartsystem.hu\/wp-content\/uploads\/2024\/07\/3-214x300.png 214w, https:\/\/modulartsystem.hu\/wp-content\/uploads\/2024\/07\/3-730x1024.png 730w, https:\/\/modulartsystem.hu\/wp-content\/uploads\/2024\/07\/3-768x1077.png 768w, https:\/\/modulartsystem.hu\/wp-content\/uploads\/2024\/07\/3-1095x1536.png 1095w, https:\/\/modulartsystem.hu\/wp-content\/uploads\/2024\/07\/3-9x12.png 9w\" sizes=\"(max-width: 1276px) 100vw, 1276px\" \/><\/a>\n\t\t\t<\/div><\/figure><figure class='gallery-item'>\n\t\t\t<div class='gallery-icon portrait'>\n\t\t\t\t<a data-elementor-open-lightbox=\"yes\" data-elementor-lightbox-slideshow=\"240a896\" data-e-action-hash=\"#elementor-action%3Aaction%3Dlightbox%26settings%3DeyJpZCI6MTU3LCJ1cmwiOiJodHRwczpcL1wvbW9kdWxhcnRzeXN0ZW0uaHVcL3dwLWNvbnRlbnRcL3VwbG9hZHNcLzIwMjRcLzA3XC80LnBuZyIsInNsaWRlc2hvdyI6IjI0MGE4OTYifQ%3D%3D\" href='https:\/\/modulartsystem.hu\/wp-content\/uploads\/2024\/07\/4.png'><img loading=\"lazy\" decoding=\"async\" width=\"1277\" height=\"1790\" src=\"https:\/\/modulartsystem.hu\/wp-content\/uploads\/2024\/07\/4.png\" class=\"attachment-full size-full\" alt=\"\" srcset=\"https:\/\/modulartsystem.hu\/wp-content\/uploads\/2024\/07\/4.png 1277w, https:\/\/modulartsystem.hu\/wp-content\/uploads\/2024\/07\/4-600x841.png 600w, https:\/\/modulartsystem.hu\/wp-content\/uploads\/2024\/07\/4-214x300.png 214w, https:\/\/modulartsystem.hu\/wp-content\/uploads\/2024\/07\/4-731x1024.png 731w, https:\/\/modulartsystem.hu\/wp-content\/uploads\/2024\/07\/4-768x1077.png 768w, https:\/\/modulartsystem.hu\/wp-content\/uploads\/2024\/07\/4-1096x1536.png 1096w, https:\/\/modulartsystem.hu\/wp-content\/uploads\/2024\/07\/4-9x12.png 9w\" sizes=\"(max-width: 1277px) 100vw, 1277px\" \/><\/a>\n\t\t\t<\/div><\/figure><figure class='gallery-item'>\n\t\t\t<div class='gallery-icon portrait'>\n\t\t\t\t<a data-elementor-open-lightbox=\"yes\" data-elementor-lightbox-slideshow=\"240a896\" data-e-action-hash=\"#elementor-action%3Aaction%3Dlightbox%26settings%3DeyJpZCI6MTU4LCJ1cmwiOiJodHRwczpcL1wvbW9kdWxhcnRzeXN0ZW0uaHVcL3dwLWNvbnRlbnRcL3VwbG9hZHNcLzIwMjRcLzA3XC81LnBuZyIsInNsaWRlc2hvdyI6IjI0MGE4OTYifQ%3D%3D\" href='https:\/\/modulartsystem.hu\/wp-content\/uploads\/2024\/07\/5.png'><img loading=\"lazy\" decoding=\"async\" width=\"1276\" height=\"1790\" src=\"https:\/\/modulartsystem.hu\/wp-content\/uploads\/2024\/07\/5.png\" class=\"attachment-full size-full\" alt=\"\" srcset=\"https:\/\/modulartsystem.hu\/wp-content\/uploads\/2024\/07\/5.png 1276w, https:\/\/modulartsystem.hu\/wp-content\/uploads\/2024\/07\/5-600x842.png 600w, https:\/\/modulartsystem.hu\/wp-content\/uploads\/2024\/07\/5-214x300.png 214w, https:\/\/modulartsystem.hu\/wp-content\/uploads\/2024\/07\/5-730x1024.png 730w, https:\/\/modulartsystem.hu\/wp-content\/uploads\/2024\/07\/5-768x1077.png 768w, https:\/\/modulartsystem.hu\/wp-content\/uploads\/2024\/07\/5-1095x1536.png 1095w, https:\/\/modulartsystem.hu\/wp-content\/uploads\/2024\/07\/5-9x12.png 9w\" sizes=\"(max-width: 1276px) 100vw, 1276px\" \/><\/a>\n\t\t\t<\/div><\/figure><figure class='gallery-item'>\n\t\t\t<div class='gallery-icon portrait'>\n\t\t\t\t<a data-elementor-open-lightbox=\"yes\" data-elementor-lightbox-slideshow=\"240a896\" data-e-action-hash=\"#elementor-action%3Aaction%3Dlightbox%26settings%3DeyJpZCI6MTU5LCJ1cmwiOiJodHRwczpcL1wvbW9kdWxhcnRzeXN0ZW0uaHVcL3dwLWNvbnRlbnRcL3VwbG9hZHNcLzIwMjRcLzA3XC82LnBuZyIsInNsaWRlc2hvdyI6IjI0MGE4OTYifQ%3D%3D\" href='https:\/\/modulartsystem.hu\/wp-content\/uploads\/2024\/07\/6.png'><img loading=\"lazy\" decoding=\"async\" width=\"1277\" height=\"1790\" src=\"https:\/\/modulartsystem.hu\/wp-content\/uploads\/2024\/07\/6.png\" class=\"attachment-full size-full\" alt=\"\" srcset=\"https:\/\/modulartsystem.hu\/wp-content\/uploads\/2024\/07\/6.png 1277w, https:\/\/modulartsystem.hu\/wp-content\/uploads\/2024\/07\/6-600x841.png 600w, https:\/\/modulartsystem.hu\/wp-content\/uploads\/2024\/07\/6-214x300.png 214w, https:\/\/modulartsystem.hu\/wp-content\/uploads\/2024\/07\/6-731x1024.png 731w, https:\/\/modulartsystem.hu\/wp-content\/uploads\/2024\/07\/6-768x1077.png 768w, https:\/\/modulartsystem.hu\/wp-content\/uploads\/2024\/07\/6-1096x1536.png 1096w, https:\/\/modulartsystem.hu\/wp-content\/uploads\/2024\/07\/6-9x12.png 9w\" sizes=\"(max-width: 1277px) 100vw, 1277px\" \/><\/a>\n\t\t\t<\/div><\/figure><figure class='gallery-item'>\n\t\t\t<div class='gallery-icon portrait'>\n\t\t\t\t<a data-elementor-open-lightbox=\"yes\" data-elementor-lightbox-slideshow=\"240a896\" data-e-action-hash=\"#elementor-action%3Aaction%3Dlightbox%26settings%3DeyJpZCI6MTYwLCJ1cmwiOiJodHRwczpcL1wvbW9kdWxhcnRzeXN0ZW0uaHVcL3dwLWNvbnRlbnRcL3VwbG9hZHNcLzIwMjRcLzA3XC83LnBuZyIsInNsaWRlc2hvdyI6IjI0MGE4OTYifQ%3D%3D\" href='https:\/\/modulartsystem.hu\/wp-content\/uploads\/2024\/07\/7.png'><img loading=\"lazy\" decoding=\"async\" width=\"1277\" height=\"1790\" src=\"https:\/\/modulartsystem.hu\/wp-content\/uploads\/2024\/07\/7.png\" class=\"attachment-full size-full\" alt=\"\" srcset=\"https:\/\/modulartsystem.hu\/wp-content\/uploads\/2024\/07\/7.png 1277w, https:\/\/modulartsystem.hu\/wp-content\/uploads\/2024\/07\/7-600x841.png 600w, https:\/\/modulartsystem.hu\/wp-content\/uploads\/2024\/07\/7-214x300.png 214w, https:\/\/modulartsystem.hu\/wp-content\/uploads\/2024\/07\/7-731x1024.png 731w, https:\/\/modulartsystem.hu\/wp-content\/uploads\/2024\/07\/7-768x1077.png 768w, https:\/\/modulartsystem.hu\/wp-content\/uploads\/2024\/07\/7-1096x1536.png 1096w, https:\/\/modulartsystem.hu\/wp-content\/uploads\/2024\/07\/7-9x12.png 9w\" sizes=\"(max-width: 1277px) 100vw, 1277px\" \/><\/a>\n\t\t\t<\/div><\/figure>\n\t\t<\/div>\n\t\t<\/div>\n\t\t\t\t\t\t<\/div>\n\t\t\t\t<\/div>\n\t\t\t\t\t<\/div>\n\t\t\t\t<\/div>\n\t\t<div class=\"elementor-element elementor-element-ca0c4aa e-flex e-con-boxed e-con e-parent\" data-id=\"ca0c4aa\" data-element_type=\"container\">\n\t\t\t\t\t<div class=\"e-con-inner\">\n\t\t\t\t<div class=\"elementor-element elementor-element-cfb7741 elementor-widget elementor-widget-button\" data-id=\"cfb7741\" data-element_type=\"widget\" data-widget_type=\"button.default\">\n\t\t\t\t<div class=\"elementor-widget-container\">\n\t\t\t\t\t\t\t\t\t<div class=\"elementor-button-wrapper\">\n\t\t\t\t\t<a class=\"elementor-button elementor-button-link elementor-size-sm\" href=\"https:\/\/modulartsystem.hu\/wp-content\/uploads\/2024\/08\/ModulArt_osszeszerelesi_utmutato.pdf\">\n\t\t\t\t\t\t<span class=\"elementor-button-content-wrapper\">\n\t\t\t\t\t\t\t\t\t<span class=\"elementor-button-text\">\u00datmutat\u00f3 let\u00f6lt\u00e9se<\/span>\n\t\t\t\t\t<\/span>\n\t\t\t\t\t<\/a>\n\t\t\t\t<\/div>\n\t\t\t\t\t\t\t\t<\/div>\n\t\t\t\t<\/div>\n\t\t\t\t\t<\/div>\n\t\t\t\t<\/div>\n\t\t<div class=\"elementor-element elementor-element-a234676 e-flex e-con-boxed e-con e-parent\" data-id=\"a234676\" data-element_type=\"container\">\n\t\t\t\t\t<div class=\"e-con-inner\">\n\t\t\t\t<div class=\"elementor-element elementor-element-9c6d0ea elementor-widget elementor-widget-heading\" data-id=\"9c6d0ea\" data-element_type=\"widget\" data-widget_type=\"heading.default\">\n\t\t\t\t<div class=\"elementor-widget-container\">\n\t\t\t\t\t<h2 class=\"elementor-heading-title elementor-size-default\">N\u00e9zd meg vide\u00f3n<\/h2>\t\t\t\t<\/div>\n\t\t\t\t<\/div>\n\t\t\t\t\t<\/div>\n\t\t\t\t<\/div>\n\t\t<div class=\"elementor-element elementor-element-f8baa01 e-flex e-con-boxed e-con e-parent\" data-id=\"f8baa01\" data-element_type=\"container\">\n\t\t\t\t\t<div class=\"e-con-inner\">\n\t\t<div class=\"elementor-element elementor-element-a86c692 e-con-full e-flex e-con e-child\" data-id=\"a86c692\" data-element_type=\"container\">\n\t\t\t\t<div class=\"elementor-element elementor-element-1e8b103 elementor-widget elementor-widget-video\" data-id=\"1e8b103\" data-element_type=\"widget\" data-settings=\"{&quot;youtube_url&quot;:&quot;https:\\\/\\\/youtu.be\\\/-q3fT5UfcIQ&quot;,&quot;video_type&quot;:&quot;youtube&quot;,&quot;controls&quot;:&quot;yes&quot;}\" data-widget_type=\"video.default\">\n\t\t\t\t<div class=\"elementor-widget-container\">\n\t\t\t\t\t\t\t<div class=\"elementor-wrapper elementor-open-inline\">\n\t\t\t<div class=\"elementor-video\"><\/div>\t\t<\/div>\n\t\t\t\t\t\t<\/div>\n\t\t\t\t<\/div>\n\t\t\t\t<\/div>\n\t\t<div class=\"elementor-element elementor-element-0f2e24b e-con-full e-flex e-con e-child\" data-id=\"0f2e24b\" data-element_type=\"container\">\n\t\t\t\t<div class=\"elementor-element elementor-element-b2212eb elementor-widget elementor-widget-video\" data-id=\"b2212eb\" data-element_type=\"widget\" data-settings=\"{&quot;youtube_url&quot;:&quot;https:\\\/\\\/youtu.be\\\/9AzVafTWTEo&quot;,&quot;video_type&quot;:&quot;youtube&quot;,&quot;controls&quot;:&quot;yes&quot;}\" data-widget_type=\"video.default\">\n\t\t\t\t<div class=\"elementor-widget-container\">\n\t\t\t\t\t\t\t<div class=\"elementor-wrapper elementor-open-inline\">\n\t\t\t<div class=\"elementor-video\"><\/div>\t\t<\/div>\n\t\t\t\t\t\t<\/div>\n\t\t\t\t<\/div>\n\t\t\t\t<\/div>\n\t\t<div class=\"elementor-element elementor-element-792fc9b e-con-full e-flex e-con e-child\" data-id=\"792fc9b\" data-element_type=\"container\">\n\t\t\t\t<div class=\"elementor-element elementor-element-c2f98ca elementor-widget elementor-widget-video\" data-id=\"c2f98ca\" data-element_type=\"widget\" data-settings=\"{&quot;youtube_url&quot;:&quot;https:\\\/\\\/youtu.be\\\/Wxig58C3Kn8&quot;,&quot;video_type&quot;:&quot;youtube&quot;,&quot;controls&quot;:&quot;yes&quot;}\" data-widget_type=\"video.default\">\n\t\t\t\t<div class=\"elementor-widget-container\">\n\t\t\t\t\t\t\t<div class=\"elementor-wrapper elementor-open-inline\">\n\t\t\t<div class=\"elementor-video\"><\/div>\t\t<\/div>\n\t\t\t\t\t\t<\/div>\n\t\t\t\t<\/div>\n\t\t\t\t<\/div>\n\t\t\t\t\t<\/div>\n\t\t\t\t<\/div>\n\t\t\t\t<\/div>","protected":false},"excerpt":{"rendered":"<p>\u00datmutat\u00f3 let\u00f6lt\u00e9se N\u00e9zd meg vide\u00f3n https:\/\/youtu.be\/-q3fT5UfcIQhttps:\/\/youtu.be\/9AzVafTWTEohttps:\/\/youtu.be\/Wxig58C3Kn8<\/p>","protected":false},"author":1,"featured_media":0,"parent":0,"menu_order":0,"comment_status":"closed","ping_status":"closed","template":"","meta":{"footnotes":""},"class_list":["post-41","page","type-page","status-publish","hentry"],"_links":{"self":[{"href":"https:\/\/modulartsystem.hu\/en\/wp-json\/wp\/v2\/pages\/41","targetHints":{"allow":["GET"]}}],"collection":[{"href":"https:\/\/modulartsystem.hu\/en\/wp-json\/wp\/v2\/pages"}],"about":[{"href":"https:\/\/modulartsystem.hu\/en\/wp-json\/wp\/v2\/types\/page"}],"author":[{"embeddable":true,"href":"https:\/\/modulartsystem.hu\/en\/wp-json\/wp\/v2\/users\/1"}],"replies":[{"embeddable":true,"href":"https:\/\/modulartsystem.hu\/en\/wp-json\/wp\/v2\/comments?post=41"}],"version-history":[{"count":28,"href":"https:\/\/modulartsystem.hu\/en\/wp-json\/wp\/v2\/pages\/41\/revisions"}],"predecessor-version":[{"id":428,"href":"https:\/\/modulartsystem.hu\/en\/wp-json\/wp\/v2\/pages\/41\/revisions\/428"}],"wp:attachment":[{"href":"https:\/\/modulartsystem.hu\/en\/wp-json\/wp\/v2\/media?parent=41"}],"curies":[{"name":"wp","href":"https:\/\/api.w.org\/{rel}","templated":true}]}}