{"id":39,"date":"2024-07-24T10:04:09","date_gmt":"2024-07-24T08:04:09","guid":{"rendered":"https:\/\/modulartsystem.hu\/?page_id=39"},"modified":"2026-04-16T18:17:34","modified_gmt":"2026-04-16T16:17:34","slug":"kapcsolat","status":"publish","type":"page","link":"https:\/\/modulartsystem.hu\/en\/kapcsolat\/","title":{"rendered":"Contact"},"content":{"rendered":"<div data-elementor-type=\"wp-page\" data-elementor-id=\"39\" class=\"elementor elementor-39\">\n\t\t\t\t<div class=\"elementor-element elementor-element-b78566a e-flex e-con-boxed e-con e-parent\" data-id=\"b78566a\" data-element_type=\"container\">\n\t\t\t\t\t<div class=\"e-con-inner\">\n\t\t<div class=\"elementor-element elementor-element-38bb0f4 e-con-full e-flex e-con e-child\" data-id=\"38bb0f4\" data-element_type=\"container\">\n\t\t\t\t<div class=\"elementor-element elementor-element-c37bf3c elementor-widget elementor-widget-image\" data-id=\"c37bf3c\" data-element_type=\"widget\" data-widget_type=\"image.default\">\n\t\t\t\t<div class=\"elementor-widget-container\">\n\t\t\t\t\t\t\t\t\t\t\t\t\t\t\t<img fetchpriority=\"high\" decoding=\"async\" width=\"800\" height=\"450\" src=\"https:\/\/modulartsystem.hu\/wp-content\/uploads\/2024\/08\/EXTERIOR-1-1024x576.jpg\" class=\"attachment-large size-large wp-image-489\" alt=\"\" srcset=\"https:\/\/modulartsystem.hu\/wp-content\/uploads\/2024\/08\/EXTERIOR-1-1024x576.jpg 1024w, https:\/\/modulartsystem.hu\/wp-content\/uploads\/2024\/08\/EXTERIOR-1-300x169.jpg 300w, https:\/\/modulartsystem.hu\/wp-content\/uploads\/2024\/08\/EXTERIOR-1-768x432.jpg 768w, https:\/\/modulartsystem.hu\/wp-content\/uploads\/2024\/08\/EXTERIOR-1-1536x864.jpg 1536w, https:\/\/modulartsystem.hu\/wp-content\/uploads\/2024\/08\/EXTERIOR-1-2048x1152.jpg 2048w, https:\/\/modulartsystem.hu\/wp-content\/uploads\/2024\/08\/EXTERIOR-1-18x10.jpg 18w, https:\/\/modulartsystem.hu\/wp-content\/uploads\/2024\/08\/EXTERIOR-1-600x338.jpg 600w\" sizes=\"(max-width: 800px) 100vw, 800px\" \/>\t\t\t\t\t\t\t\t\t\t\t\t\t\t\t<\/div>\n\t\t\t\t<\/div>\n\t\t\t\t<\/div>\n\t\t<div class=\"elementor-element elementor-element-4e82c98 e-con-full e-flex e-con e-child\" data-id=\"4e82c98\" data-element_type=\"container\">\n\t\t\t\t<div class=\"elementor-element elementor-element-f0b4ccf elementor-widget elementor-widget-html\" data-id=\"f0b4ccf\" data-element_type=\"widget\" data-widget_type=\"html.default\">\n\t\t\t\t<div class=\"elementor-widget-container\">\n\t\t\t\t\t\n<div class=\"wpcf7 no-js\" id=\"wpcf7-f139-o1\" lang=\"hu-HU\" dir=\"ltr\" data-wpcf7-id=\"139\">\n<div class=\"screen-reader-response\"><p role=\"status\" aria-live=\"polite\" aria-atomic=\"true\"><\/p> <ul><\/ul><\/div>\n<form action=\"\/en\/wp-json\/wp\/v2\/pages\/39#wpcf7-f139-o1\" method=\"post\" class=\"wpcf7-form init\" aria-label=\"Kapcsolatfelv\u00e9teli \u0171rlap\" novalidate=\"novalidate\" data-status=\"init\" data-trp-original-action=\"\/en\/wp-json\/wp\/v2\/pages\/39#wpcf7-f139-o1\">\n<fieldset class=\"hidden-fields-container\"><input type=\"hidden\" name=\"_wpcf7\" value=\"139\" \/><input type=\"hidden\" name=\"_wpcf7_version\" value=\"6.1.5\" \/><input type=\"hidden\" name=\"_wpcf7_locale\" value=\"hu_HU\" \/><input type=\"hidden\" name=\"_wpcf7_unit_tag\" value=\"wpcf7-f139-o1\" \/><input type=\"hidden\" name=\"_wpcf7_container_post\" value=\"0\" \/><input type=\"hidden\" name=\"_wpcf7_posted_data_hash\" value=\"\" \/>\n<\/fieldset>\n<p><label> Name<br \/>\n<span class=\"wpcf7-form-control-wrap\" data-name=\"your-name\"><input size=\"40\" maxlength=\"400\" class=\"wpcf7-form-control wpcf7-text wpcf7-validates-as-required\" autocomplete=\"name\" aria-required=\"true\" aria-invalid=\"false\" value=\"\" type=\"text\" name=\"your-name\" \/><\/span> <\/label>\n<\/p>\n<p><label> E-mail<br \/>\n<span class=\"wpcf7-form-control-wrap\" data-name=\"your-email\"><input size=\"40\" maxlength=\"400\" class=\"wpcf7-form-control wpcf7-email wpcf7-validates-as-required wpcf7-text wpcf7-validates-as-email\" autocomplete=\"email\" aria-required=\"true\" aria-invalid=\"false\" value=\"\" type=\"email\" name=\"your-email\" \/><\/span> <\/label>\n<\/p>\n<p><label> Telefonsz\u00e1m<br \/>\n<span class=\"wpcf7-form-control-wrap\" data-name=\"tel-178\"><input size=\"40\" maxlength=\"400\" class=\"wpcf7-form-control wpcf7-tel wpcf7-validates-as-required wpcf7-text wpcf7-validates-as-tel\" autocomplete=\"tel\" aria-required=\"true\" aria-invalid=\"false\" value=\"\" type=\"tel\" name=\"tel-178\" \/><\/span><\/label>\n<\/p>\n<p><label> Message<br \/>\n<span class=\"wpcf7-form-control-wrap\" data-name=\"your-message\"><textarea cols=\"40\" rows=\"10\" maxlength=\"2000\" class=\"wpcf7-form-control wpcf7-textarea wpcf7-validates-as-required\" aria-required=\"true\" aria-invalid=\"false\" name=\"your-message\"><\/textarea><\/span> <\/label>\n<\/p>\n<p><label> <span class=\"wpcf7-form-control-wrap\" data-name=\"acceptance-491\"><span class=\"wpcf7-form-control wpcf7-acceptance\"><span class=\"wpcf7-list-item\"><input type=\"checkbox\" name=\"acceptance-491\" value=\"1\" aria-invalid=\"false\" \/><\/span><\/span><\/span> Elfogadom az <a href=\"\/en\/adatkezelesi-tajekoztato\/\" target=\"_blank\">adatkezel\u00e9si t\u00e1j\u00e9koztat\u00f3<\/a> tartalm\u00e1t.<br \/>\n<\/label>\n<\/p>\n<p><input class=\"wpcf7-form-control wpcf7-submit has-spinner\" type=\"submit\" value=\"Send\" \/>\n<\/p><div class=\"wpcf7-response-output\" aria-hidden=\"true\"><\/div>\n<input type=\"hidden\" name=\"trp-form-language\" value=\"en\"\/><\/form>\n<\/div>\n\t\t\t\t<\/div>\n\t\t\t\t<\/div>\n\t\t\t\t<\/div>\n\t\t\t\t\t<\/div>\n\t\t\t\t<\/div>\n\t\t<div class=\"elementor-element elementor-element-a4df406 e-flex e-con-boxed e-con e-parent\" data-id=\"a4df406\" data-element_type=\"container\">\n\t\t\t\t\t<div class=\"e-con-inner\">\n\t\t\t\t<div class=\"elementor-element elementor-element-5e15a38 elementor-widget elementor-widget-text-editor\" data-id=\"5e15a38\" data-element_type=\"widget\" data-widget_type=\"text-editor.default\">\n\t\t\t\t<div class=\"elementor-widget-container\">\n\t\t\t\t\t\t\t\t\t<h5><b>MODULART SYSTEM KFT.<\/b><\/h5>\n<h6><b>AD\u00d3SZ\u00c1M:<\/b> 32605903-2-13<\/h6>\n<h6><b>C\u00c9GJEGYZ\u00c9KSZ\u00c1M:<\/b> 13-09-243001<\/h6>\n<h6><b>BANKSZ\u00c1MLA:<\/b>&nbsp;<span style=\"color: var( --e-global-color-text ); font-family: var( --e-global-typography-text-font-family ), Sans-serif; font-size: 1rem; text-align: var(--text-align);\">12010635-01992555-00100001<\/span><\/h6>\n<h6><b>SZ\u00c9KHELY:<\/b> 2141 Cs\u00f6m\u00f6r, V\u00edzm\u0171sor utca 14\/A<\/h6>\n<h6><span style=\"font-weight: bolder;\">TELEFONSZ\u00c1M:&nbsp;<\/span><span style=\"color: var( --e-global-color-text ); font-family: var( --e-global-typography-text-font-family ), Sans-serif; font-weight: var( --e-global-typography-text-font-weight ); text-align: var(--text-align); font-size: 1rem;\">+36702868686,&nbsp; +36706331476<\/span><\/h6>\n<h6><span style=\"font-weight: bolder;\">EMAIL:&nbsp;<\/span><span style=\"color: var( --e-global-color-text ); font-family: var( --e-global-typography-text-font-family ), Sans-serif; font-size: 1rem; font-weight: var( --e-global-typography-text-font-weight ); text-align: var(--text-align);\">info@modulartsystem.hu<\/span><\/h6>\t\t\t\t\t\t\t\t<\/div>\n\t\t\t\t<\/div>\n\t\t\t\t\t<\/div>\n\t\t\t\t<\/div>\n\t\t\t\t<\/div>","protected":false},"excerpt":{"rendered":"<p>MODULART SYSTEM KFT. AD\u00d3SZ\u00c1M: 32605903-2-13 C\u00c9GJEGYZ\u00c9KSZ\u00c1M: 13-09-243001 BANKSZ\u00c1MLA:&nbsp;12010635-01992555-00100001 SZ\u00c9KHELY: 2141 Cs\u00f6m\u00f6r, V\u00edzm\u0171sor utca 14\/A TELEFONSZ\u00c1M:&nbsp;+36702868686,&nbsp; +36706331476 EMAIL:&nbsp;info@modulartsystem.hu<\/p>","protected":false},"author":1,"featured_media":0,"parent":0,"menu_order":0,"comment_status":"closed","ping_status":"closed","template":"","meta":{"footnotes":""},"class_list":["post-39","page","type-page","status-publish","hentry"],"_links":{"self":[{"href":"https:\/\/modulartsystem.hu\/en\/wp-json\/wp\/v2\/pages\/39","targetHints":{"allow":["GET"]}}],"collection":[{"href":"https:\/\/modulartsystem.hu\/en\/wp-json\/wp\/v2\/pages"}],"about":[{"href":"https:\/\/modulartsystem.hu\/en\/wp-json\/wp\/v2\/types\/page"}],"author":[{"embeddable":true,"href":"https:\/\/modulartsystem.hu\/en\/wp-json\/wp\/v2\/users\/1"}],"replies":[{"embeddable":true,"href":"https:\/\/modulartsystem.hu\/en\/wp-json\/wp\/v2\/comments?post=39"}],"version-history":[{"count":37,"href":"https:\/\/modulartsystem.hu\/en\/wp-json\/wp\/v2\/pages\/39\/revisions"}],"predecessor-version":[{"id":1552,"href":"https:\/\/modulartsystem.hu\/en\/wp-json\/wp\/v2\/pages\/39\/revisions\/1552"}],"wp:attachment":[{"href":"https:\/\/modulartsystem.hu\/en\/wp-json\/wp\/v2\/media?parent=39"}],"curies":[{"name":"wp","href":"https:\/\/api.w.org\/{rel}","templated":true}]}}