{"id":37,"date":"2024-07-24T10:03:33","date_gmt":"2024-07-24T08:03:33","guid":{"rendered":"https:\/\/modulartsystem.hu\/?page_id=37"},"modified":"2024-09-18T00:56:42","modified_gmt":"2024-09-17T22:56:42","slug":"rolunk","status":"publish","type":"page","link":"https:\/\/modulartsystem.hu\/en\/rolunk\/","title":{"rendered":"About us"},"content":{"rendered":"<div data-elementor-type=\"wp-page\" data-elementor-id=\"37\" class=\"elementor elementor-37\">\n\t\t\t\t<div class=\"elementor-element elementor-element-f03e414 e-flex e-con-boxed e-con e-parent\" data-id=\"f03e414\" data-element_type=\"container\">\n\t\t\t\t\t<div class=\"e-con-inner\">\n\t\t<div class=\"elementor-element elementor-element-c0508c8 e-con-full e-flex e-con e-child\" data-id=\"c0508c8\" data-element_type=\"container\">\n\t\t\t\t<div class=\"elementor-element elementor-element-5b90787 elementor-widget elementor-widget-heading\" data-id=\"5b90787\" data-element_type=\"widget\" data-widget_type=\"heading.default\">\n\t\t\t\t<div class=\"elementor-widget-container\">\n\t\t\t\t\t<h2 class=\"elementor-heading-title elementor-size-default\">Our history<\/h2>\t\t\t\t<\/div>\n\t\t\t\t<\/div>\n\t\t\t\t<div class=\"elementor-element elementor-element-e7fbf2f elementor-widget elementor-widget-text-editor\" data-id=\"e7fbf2f\" data-element_type=\"widget\" data-widget_type=\"text-editor.default\">\n\t\t\t\t<div class=\"elementor-widget-container\">\n\t\t\t\t\t\t\t\t\t<p class=\"font_7 wixui-rich-text__text\" style=\"background: transparent; border: 0px; outline: 0px; padding: 0px; vertical-align: baseline; pointer-events: auto; font-size: 15px; color: rgb(var(--color_14)); letter-spacing: 0.05em; margin-block-end: 0px; margin: 0px;\">Welcome to the World of the Modern Pergola!<br class=\"wixui-rich-text__text\">&nbsp;<\/p>\n<p class=\"font_7 wixui-rich-text__text\" style=\"background: transparent; border: 0px; outline: 0px; padding: 0px; vertical-align: baseline; pointer-events: auto; font-size: 15px; color: rgb(var(--color_14)); letter-spacing: 0.05em; margin-block-end: 0px; margin: 0px;\">Our team consists of young and enthusiastic innovators. We have created a unique modular pergola system that takes outdoor living spaces to a new level. Our product is flexible, easy to install and impressively aesthetic, the perfect choice for any need - whether it's garden parties, relaxation or stylish shading.<\/p>\n<p class=\"font_7 wixui-rich-text__text\" style=\"background: transparent; border: 0px; outline: 0px; padding: 0px; vertical-align: baseline; pointer-events: auto; font-size: 15px; color: rgb(var(--color_14)); letter-spacing: 0.05em; margin-block-end: 0px; margin: 0px;\">\n<\/p><p class=\"font_7 wixui-rich-text__text\" style=\"background: transparent; border: 0px; outline: 0px; padding: 0px; vertical-align: baseline; pointer-events: auto; font-size: 15px; color: rgb(var(--color_14)); letter-spacing: 0.05em; margin-block-end: 0px; margin: 0px;\">Why choose our pergola?<\/p>\n<p class=\"font_7 wixui-rich-text__text\" style=\"background: transparent; border: 0px; outline: 0px; padding: 0px; vertical-align: baseline; pointer-events: auto; font-size: 15px; color: rgb(var(--color_14)); letter-spacing: 0.05em; margin-block-end: 0px; margin: 0px;\">\n<\/p><p class=\"font_7 wixui-rich-text__text\" style=\"background: transparent; border: 0px; outline: 0px; padding: 0px; vertical-align: baseline; pointer-events: auto; font-size: 15px; color: rgb(var(--color_14)); letter-spacing: 0.05em; margin-block-end: 0px; margin: 0px;\">Modular Design: Easily customizable and expandable to fit perfectly into any space.<\/p>\n<p class=\"font_7 wixui-rich-text__text\" style=\"background: transparent; border: 0px; outline: 0px; padding: 0px; vertical-align: baseline; pointer-events: auto; font-size: 15px; color: rgb(var(--color_14)); letter-spacing: 0.05em; margin-block-end: 0px; margin: 0px;\">Premium Quality: Excellent materials and modern technology ensure longevity and weather resistance.<\/p>\n<p class=\"font_7 wixui-rich-text__text\" style=\"background: transparent; border: 0px; outline: 0px; padding: 0px; vertical-align: baseline; pointer-events: auto; font-size: 15px; color: rgb(var(--color_14)); letter-spacing: 0.05em; margin-block-end: 0px; margin: 0px;\">Easy Installation: Quick and hassle-free assembly so you can enjoy your new pergola right away.<\/p>\n<p class=\"font_7 wixui-rich-text__text\" style=\"background: transparent; border: 0px; outline: 0px; padding: 0px; vertical-align: baseline; pointer-events: auto; font-size: 15px; color: rgb(var(--color_14)); letter-spacing: 0.05em; margin-block-end: 0px; margin: 0px;\">Discover our pergola systems and make your outdoor living space unique with us!<\/p>\n<p class=\"font_7 wixui-rich-text__text\" style=\"background: transparent; border: 0px; outline: 0px; padding: 0px; vertical-align: baseline; pointer-events: auto; font-size: 15px; color: rgb(var(--color_14)); letter-spacing: 0.05em; margin-block-end: 0px; margin: 0px;\">\n<\/p><p class=\"font_7 wixui-rich-text__text\" style=\"background: transparent; border: 0px; outline: 0px; padding: 0px; vertical-align: baseline; pointer-events: auto; font-size: 15px; color: rgb(var(--color_14)); letter-spacing: 0.05em; margin-block-end: 0px; margin: 0px;\">Contact us for more information and a personalized offer!<\/p><p class=\"font_7 wixui-rich-text__text\" style=\"background: transparent; border: 0px; outline: 0px; padding: 0px; vertical-align: baseline; pointer-events: auto; font-size: 15px; color: rgb(var(--color_14)); letter-spacing: 0.05em; margin-block-end: 0px; margin: 0px;\"><br><\/p>\n<p><b>Partnereink, konzoljaink m\u00e9reteit j\u00f3l ismer\u0151 fatelepek:<\/b><\/p>\n<p><\/p>\n<p class=\"font_7 wixui-rich-text__text\" style=\"background: transparent; border: 0px; outline: 0px; padding: 0px; vertical-align: baseline; pointer-events: auto; font-size: 15px; color: rgb(var(--color_14)); letter-spacing: 0.05em; margin-block-end: 0px; margin: 0px;\">\n<\/p>\t\t\t\t\t\t\t\t<\/div>\n\t\t\t\t<\/div>\n\t\t\t\t<div class=\"elementor-element elementor-element-465faa7 elementor-widget elementor-widget-image\" data-id=\"465faa7\" data-element_type=\"widget\" data-widget_type=\"image.default\">\n\t\t\t\t<div class=\"elementor-widget-container\">\n\t\t\t\t\t\t\t\t\t\t\t\t\t\t\t<img decoding=\"async\" width=\"230\" height=\"42\" src=\"https:\/\/modulartsystem.hu\/wp-content\/uploads\/2024\/09\/logo.png\" class=\"attachment-large size-large wp-image-615\" alt=\"\" srcset=\"https:\/\/modulartsystem.hu\/wp-content\/uploads\/2024\/09\/logo.png 230w, https:\/\/modulartsystem.hu\/wp-content\/uploads\/2024\/09\/logo-18x3.png 18w\" sizes=\"(max-width: 230px) 100vw, 230px\" \/>\t\t\t\t\t\t\t\t\t\t\t\t\t\t\t<\/div>\n\t\t\t\t<\/div>\n\t\t<div class=\"elementor-element elementor-element-37ae9c1 e-grid e-con-full e-con e-child\" data-id=\"37ae9c1\" data-element_type=\"container\">\n\t\t\t\t<\/div>\n\t\t\t\t<\/div>\n\t\t<div class=\"elementor-element elementor-element-1dad6e5 e-con-full e-flex e-con e-child\" data-id=\"1dad6e5\" data-element_type=\"container\">\n\t\t\t\t<div class=\"elementor-element elementor-element-d5d0130 elementor-widget elementor-widget-image\" data-id=\"d5d0130\" data-element_type=\"widget\" data-widget_type=\"image.default\">\n\t\t\t\t<div class=\"elementor-widget-container\">\n\t\t\t\t\t\t\t\t\t\t\t\t\t\t\t<img fetchpriority=\"high\" decoding=\"async\" width=\"800\" height=\"450\" src=\"https:\/\/modulartsystem.hu\/wp-content\/uploads\/2024\/08\/EXTERIOR-4-1024x576.jpg\" class=\"attachment-large size-large wp-image-500\" alt=\"\" srcset=\"https:\/\/modulartsystem.hu\/wp-content\/uploads\/2024\/08\/EXTERIOR-4-1024x576.jpg 1024w, https:\/\/modulartsystem.hu\/wp-content\/uploads\/2024\/08\/EXTERIOR-4-300x169.jpg 300w, https:\/\/modulartsystem.hu\/wp-content\/uploads\/2024\/08\/EXTERIOR-4-768x432.jpg 768w, https:\/\/modulartsystem.hu\/wp-content\/uploads\/2024\/08\/EXTERIOR-4-1536x864.jpg 1536w, https:\/\/modulartsystem.hu\/wp-content\/uploads\/2024\/08\/EXTERIOR-4-2048x1152.jpg 2048w, https:\/\/modulartsystem.hu\/wp-content\/uploads\/2024\/08\/EXTERIOR-4-18x10.jpg 18w, https:\/\/modulartsystem.hu\/wp-content\/uploads\/2024\/08\/EXTERIOR-4-600x338.jpg 600w\" sizes=\"(max-width: 800px) 100vw, 800px\" \/>\t\t\t\t\t\t\t\t\t\t\t\t\t\t\t<\/div>\n\t\t\t\t<\/div>\n\t\t\t\t<\/div>\n\t\t\t\t\t<\/div>\n\t\t\t\t<\/div>\n\t\t\t\t<\/div>","protected":false},"excerpt":{"rendered":"<p>T\u00f6rt\u00e9net\u00fcnk \u00dcdv\u00f6z\u00f6lj\u00fck a Modern Pergola Vil\u00e1g\u00e1ban!&nbsp; Csapatunk fiatal \u00e9s lelkes innov\u00e1torokb\u00f3l \u00e1ll. Egyed\u00fcl\u00e1ll\u00f3 modul\u00e1ris pergola rendszert alkottunk, amely \u00faj szintre emeli a szabadt\u00e9ri \u00e9lettereket. Term\u00e9k\u00fcnk rugalmas, k\u00f6nnyen telep\u00edthet\u0151 \u00e9s leny\u0171g\u00f6z\u0151en eszt\u00e9tikus, t\u00f6k\u00e9letes v\u00e1laszt\u00e1s minden ig\u00e9nyhez \u2013 legyen sz\u00f3 kerti partikr\u00f3l, pihen\u00e9sr\u0151l vagy st\u00edlusos \u00e1rny\u00e9kol\u00e1sr\u00f3l. Mi\u00e9rt v\u00e1lassza a mi pergol\u00e1nkat? Modul\u00e1ris Kialak\u00edt\u00e1s: K\u00f6nnyed\u00e9n testreszabhat\u00f3 \u00e9s b\u0151v\u00edthet\u0151, [&hellip;]<\/p>\n","protected":false},"author":1,"featured_media":0,"parent":0,"menu_order":0,"comment_status":"closed","ping_status":"closed","template":"","meta":{"footnotes":""},"class_list":["post-37","page","type-page","status-publish","hentry"],"_links":{"self":[{"href":"https:\/\/modulartsystem.hu\/en\/wp-json\/wp\/v2\/pages\/37","targetHints":{"allow":["GET"]}}],"collection":[{"href":"https:\/\/modulartsystem.hu\/en\/wp-json\/wp\/v2\/pages"}],"about":[{"href":"https:\/\/modulartsystem.hu\/en\/wp-json\/wp\/v2\/types\/page"}],"author":[{"embeddable":true,"href":"https:\/\/modulartsystem.hu\/en\/wp-json\/wp\/v2\/users\/1"}],"replies":[{"embeddable":true,"href":"https:\/\/modulartsystem.hu\/en\/wp-json\/wp\/v2\/comments?post=37"}],"version-history":[{"count":46,"href":"https:\/\/modulartsystem.hu\/en\/wp-json\/wp\/v2\/pages\/37\/revisions"}],"predecessor-version":[{"id":644,"href":"https:\/\/modulartsystem.hu\/en\/wp-json\/wp\/v2\/pages\/37\/revisions\/644"}],"wp:attachment":[{"href":"https:\/\/modulartsystem.hu\/en\/wp-json\/wp\/v2\/media?parent=37"}],"curies":[{"name":"wp","href":"https:\/\/api.w.org\/{rel}","templated":true}]}}